{"id":32009,"date":"2025-10-17T16:20:50","date_gmt":"2025-10-17T09:20:50","guid":{"rendered":"https:\/\/tentraiseafood.com\/?post_type=product&#038;p=32009"},"modified":"2025-10-17T16:22:52","modified_gmt":"2025-10-17T09:22:52","slug":"frozen-cleaned-red-mullet-headless-ca-phen-do-cat-dau","status":"publish","type":"product","link":"https:\/\/tentraiseafood.com\/en\/frozen-cleaned-red-mullet-headless-ca-phen-do-cat-dau\/","title":{"rendered":"FROZEN CLEANED RED MULLET HEADLESS &#8211; C\u00c1 PH\u00c8N \u0110\u1ece C\u1eaeT \u0110\u1ea6U"},"content":{"rendered":"<ul>\r\n \t<li>Origin: Vietnam<\/li>\r\n \t<li>Packing:16oz (454g)\/tray\/vacuum bag or customer&#8217;s request<\/li>\r\n \t<li>Manufacturer: TEN TRAI CO., LTD<\/li>\r\n \t<li>EU code: DL 958 &amp; TS1113<\/li>\r\n<\/ul>","protected":false},"excerpt":{"rendered":"<p>Origin: Vietnam Packing:16oz (454g)\/tray\/vacuum bag or customer&#8217;s request Manufacturer: TEN TRAI CO., LTD EU code: DL 958 &amp; TS1113<\/p>\n","protected":false},"featured_media":31999,"comment_status":"open","ping_status":"closed","template":"","meta":[],"product_cat":[472],"product_tag":[451,419,506,505,417,501,416,504,449],"acf":[],"_links":{"self":[{"href":"https:\/\/tentraiseafood.com\/en\/wp-json\/wp\/v2\/product\/32009"}],"collection":[{"href":"https:\/\/tentraiseafood.com\/en\/wp-json\/wp\/v2\/product"}],"about":[{"href":"https:\/\/tentraiseafood.com\/en\/wp-json\/wp\/v2\/types\/product"}],"replies":[{"embeddable":true,"href":"https:\/\/tentraiseafood.com\/en\/wp-json\/wp\/v2\/comments?post=32009"}],"wp:featuredmedia":[{"embeddable":true,"href":"https:\/\/tentraiseafood.com\/en\/wp-json\/wp\/v2\/media\/31999"}],"wp:attachment":[{"href":"https:\/\/tentraiseafood.com\/en\/wp-json\/wp\/v2\/media?parent=32009"}],"wp:term":[{"taxonomy":"product_cat","embeddable":true,"href":"https:\/\/tentraiseafood.com\/en\/wp-json\/wp\/v2\/product_cat?post=32009"},{"taxonomy":"product_tag","embeddable":true,"href":"https:\/\/tentraiseafood.com\/en\/wp-json\/wp\/v2\/product_tag?post=32009"}],"curies":[{"name":"wp","href":"https:\/\/api.w.org\/{rel}","templated":true}]}}