{"id":32010,"date":"2025-10-17T16:23:19","date_gmt":"2025-10-17T09:23:19","guid":{"rendered":"https:\/\/tentraiseafood.com\/?post_type=product&#038;p=32010"},"modified":"2025-10-17T16:27:16","modified_gmt":"2025-10-17T09:27:16","slug":"frozen-cleaning-parrot-fish-ca-mo-lam-sach","status":"publish","type":"product","link":"https:\/\/tentraiseafood.com\/en\/frozen-cleaning-parrot-fish-ca-mo-lam-sach\/","title":{"rendered":"FROZEN CLEANING PARROT FISH &#8211; C\u00c1 M\u00d3 L\u00c0M S\u1ea0CH"},"content":{"rendered":"<ul>\r\n \t<li>Origin: Vietnam<\/li>\r\n \t<li>Packing:2lbs (908g)\/tray\/vacuum bag or customer&#8217;s request<\/li>\r\n \t<li>Manufacturer: TEN TRAI CO., LTD<\/li>\r\n \t<li>EU code: DL 958 &amp; TS1113<\/li>\r\n<\/ul>","protected":false},"excerpt":{"rendered":"<p>Origin: Vietnam Packing:2lbs (908g)\/tray\/vacuum bag or customer&#8217;s request Manufacturer: TEN TRAI CO., LTD EU code: DL 958 &amp; TS1113<\/p>\n","protected":false},"featured_media":32001,"comment_status":"open","ping_status":"closed","template":"","meta":[],"product_cat":[472],"product_tag":[451,419,509,507,417,501,416,508,504,449],"acf":[],"_links":{"self":[{"href":"https:\/\/tentraiseafood.com\/en\/wp-json\/wp\/v2\/product\/32010"}],"collection":[{"href":"https:\/\/tentraiseafood.com\/en\/wp-json\/wp\/v2\/product"}],"about":[{"href":"https:\/\/tentraiseafood.com\/en\/wp-json\/wp\/v2\/types\/product"}],"replies":[{"embeddable":true,"href":"https:\/\/tentraiseafood.com\/en\/wp-json\/wp\/v2\/comments?post=32010"}],"wp:featuredmedia":[{"embeddable":true,"href":"https:\/\/tentraiseafood.com\/en\/wp-json\/wp\/v2\/media\/32001"}],"wp:attachment":[{"href":"https:\/\/tentraiseafood.com\/en\/wp-json\/wp\/v2\/media?parent=32010"}],"wp:term":[{"taxonomy":"product_cat","embeddable":true,"href":"https:\/\/tentraiseafood.com\/en\/wp-json\/wp\/v2\/product_cat?post=32010"},{"taxonomy":"product_tag","embeddable":true,"href":"https:\/\/tentraiseafood.com\/en\/wp-json\/wp\/v2\/product_tag?post=32010"}],"curies":[{"name":"wp","href":"https:\/\/api.w.org\/{rel}","templated":true}]}}